{"id":524,"date":"2017-03-03T05:58:31","date_gmt":"2017-03-03T05:58:31","guid":{"rendered":"http:\/\/www.athenastudio.co\/themes\/royal-wp\/royal-index\/"},"modified":"2026-01-19T16:04:16","modified_gmt":"2026-01-19T16:04:16","slug":"royal-index","status":"publish","type":"page","link":"https:\/\/acces-alternatif.com\/","title":{"rendered":"ACCUEIL"},"content":{"rendered":"<div class=\"wpb-content-wrapper\"><p>[vc_row][vc_column]<!-- Images list -->\r\n                       <div class=\"images-list\" data-delay=\"10\"><img decoding=\"async\" src=\"https:\/\/acces-alternatif.com\/wp-content\/uploads\/2026\/01\/acces-alternatif-batiment-6.jpg\" alt=\"slideshow-images\"><img decoding=\"async\" src=\"https:\/\/acces-alternatif.com\/wp-content\/uploads\/2026\/01\/acces-alternatif-batiment-4.jpg\" alt=\"slideshow-images\"><img decoding=\"async\" src=\"https:\/\/acces-alternatif.com\/wp-content\/uploads\/2026\/01\/acces-alternatif-batiment-5.jpg\" alt=\"slideshow-images\"><\/div><!-- Slide -->\r\n                <div class=\"single-slide\">\r\n                    <div class=\"row\">\r\n                        <div class=\"col-md-12\">\r\n                            <header>\r\n                                <h1 class=\"offsetTopClear offsetBottomClear text-center animate\"><\/p>\n<p style=\"text-align: center;\"><strong>ACC\u00c8S ALTERNATIF<\/strong><\/p>\n<p><\/h1>\r\n                            <\/header>\r\n                        <\/div>\r\n                    <\/div>\r\n                <\/div><!-- Slide -->\r\n                <div class=\"single-slide\">\r\n                    <div class=\"row\">\r\n                        <div class=\"col-md-12\">\r\n                            <header>\r\n                                <h1 class=\"offsetTopClear offsetBottomClear text-center animate\"><\/p>\n<p style=\"text-align: center;\"><strong>TRAVAUX SUR CORDES<\/strong><\/p>\n<p><\/h1>\r\n                            <\/header>\r\n                        <\/div>\r\n                    <\/div>\r\n                <\/div><!-- Slide -->\r\n                <div class=\"single-slide\">\r\n                    <div class=\"row\">\r\n                        <div class=\"col-md-12\">\r\n                            <header>\r\n                                <h1 class=\"offsetTopClear offsetBottomClear text-center animate\"><\/p>\n<p style=\"text-align: center;\"><strong>PRENONS DE LA HAUTEUR<\/strong><\/p>\n<p><\/h1>\r\n                            <\/header>\r\n                        <\/div>\r\n                    <\/div>\r\n                <\/div><!-- Arrows -->\r\n                    <a class=\"intro-arrow left\"><div class=\"icon icon-arrows-left\"><\/div><\/a>\r\n                    <a class=\"intro-arrow right\"><div class=\"icon icon-arrows-right\"><\/div><\/a>[\/vc_column][\/vc_row]<\/p>\n<\/div>","protected":false},"excerpt":{"rendered":"<p>[vc_row][vc_column][\/vc_column][\/vc_row]<\/p>\n","protected":false},"author":1,"featured_media":0,"parent":0,"menu_order":0,"comment_status":"closed","ping_status":"closed","template":"templates\/front.php","meta":{"_monsterinsights_skip_tracking":false,"_monsterinsights_sitenote_active":false,"_monsterinsights_sitenote_note":"","_monsterinsights_sitenote_category":0,"footnotes":""},"class_list":["post-524","page","type-page","status-publish","hentry"],"yoast_head":"<!-- This site is optimized with the Yoast SEO plugin v27.0 - https:\/\/yoast.com\/product\/yoast-seo-wordpress\/ -->\n<title>ACCUEIL - ACCES-ALTERNATIF<\/title>\n<meta name=\"description\" content=\"Travaux sur cordes et acc\u00e8s difficile entreprises du BTP soci\u00e9t\u00e9s de nettoyage collectivit\u00e9s syndics assurances gestionnaire de propri\u00e9t\u00e9s\" \/>\n<meta name=\"robots\" content=\"index, follow, max-snippet:-1, max-image-preview:large, max-video-preview:-1\" \/>\n<link rel=\"canonical\" href=\"https:\/\/acces-alternatif.com\/\" \/>\n<meta property=\"og:locale\" content=\"fr_FR\" \/>\n<meta property=\"og:type\" content=\"article\" \/>\n<meta property=\"og:title\" content=\"ACCUEIL - ACCES-ALTERNATIF\" \/>\n<meta property=\"og:description\" content=\"Travaux sur cordes et acc\u00e8s difficile entreprises du BTP soci\u00e9t\u00e9s de nettoyage collectivit\u00e9s syndics assurances gestionnaire de propri\u00e9t\u00e9s\" \/>\n<meta property=\"og:url\" content=\"https:\/\/acces-alternatif.com\/\" \/>\n<meta property=\"og:site_name\" content=\"ACCES-ALTERNATIF\" \/>\n<meta property=\"article:modified_time\" content=\"2026-01-19T16:04:16+00:00\" \/>\n<meta name=\"twitter:card\" content=\"summary_large_image\" \/>\n<meta name=\"twitter:label1\" content=\"Dur\u00e9e de lecture estim\u00e9e\" \/>\n\t<meta name=\"twitter:data1\" content=\"1 minute\" \/>\n<script type=\"application\/ld+json\" class=\"yoast-schema-graph\">{\"@context\":\"https:\/\/schema.org\",\"@graph\":[{\"@type\":\"WebPage\",\"@id\":\"https:\/\/acces-alternatif.com\/\",\"url\":\"https:\/\/acces-alternatif.com\/\",\"name\":\"ACCUEIL - ACCES-ALTERNATIF\",\"isPartOf\":{\"@id\":\"https:\/\/acces-alternatif.com\/#website\"},\"datePublished\":\"2017-03-03T05:58:31+00:00\",\"dateModified\":\"2026-01-19T16:04:16+00:00\",\"description\":\"Travaux sur cordes et acc\u00e8s difficile entreprises du BTP soci\u00e9t\u00e9s de nettoyage collectivit\u00e9s syndics assurances gestionnaire de propri\u00e9t\u00e9s\",\"breadcrumb\":{\"@id\":\"https:\/\/acces-alternatif.com\/#breadcrumb\"},\"inLanguage\":\"fr-FR\",\"potentialAction\":[{\"@type\":\"ReadAction\",\"target\":[\"https:\/\/acces-alternatif.com\/\"]}]},{\"@type\":\"BreadcrumbList\",\"@id\":\"https:\/\/acces-alternatif.com\/#breadcrumb\",\"itemListElement\":[{\"@type\":\"ListItem\",\"position\":1,\"name\":\"Accueil\",\"item\":\"https:\/\/acces-alternatif.com\/\"},{\"@type\":\"ListItem\",\"position\":2,\"name\":\"ACCUEIL\"}]},{\"@type\":\"WebSite\",\"@id\":\"https:\/\/acces-alternatif.com\/#website\",\"url\":\"https:\/\/acces-alternatif.com\/\",\"name\":\"ACCES-ALTERNATIF\",\"description\":\"Prenons de la hauteur\",\"publisher\":{\"@id\":\"https:\/\/acces-alternatif.com\/#organization\"},\"potentialAction\":[{\"@type\":\"SearchAction\",\"target\":{\"@type\":\"EntryPoint\",\"urlTemplate\":\"https:\/\/acces-alternatif.com\/?s={search_term_string}\"},\"query-input\":{\"@type\":\"PropertyValueSpecification\",\"valueRequired\":true,\"valueName\":\"search_term_string\"}}],\"inLanguage\":\"fr-FR\"},{\"@type\":\"Organization\",\"@id\":\"https:\/\/acces-alternatif.com\/#organization\",\"name\":\"ACCES-ALTERNATIF\",\"url\":\"https:\/\/acces-alternatif.com\/\",\"logo\":{\"@type\":\"ImageObject\",\"inLanguage\":\"fr-FR\",\"@id\":\"https:\/\/acces-alternatif.com\/#\/schema\/logo\/image\/\",\"url\":\"https:\/\/acces-alternatif.com\/wp-content\/uploads\/2025\/11\/Logo-AA-150-noir.png\",\"contentUrl\":\"https:\/\/acces-alternatif.com\/wp-content\/uploads\/2025\/11\/Logo-AA-150-noir.png\",\"width\":150,\"height\":88,\"caption\":\"ACCES-ALTERNATIF\"},\"image\":{\"@id\":\"https:\/\/acces-alternatif.com\/#\/schema\/logo\/image\/\"}}]}<\/script>\n<!-- \/ Yoast SEO plugin. -->","yoast_head_json":{"title":"ACCUEIL - ACCES-ALTERNATIF","description":"Travaux sur cordes et acc\u00e8s difficile entreprises du BTP soci\u00e9t\u00e9s de nettoyage collectivit\u00e9s syndics assurances gestionnaire de propri\u00e9t\u00e9s","robots":{"index":"index","follow":"follow","max-snippet":"max-snippet:-1","max-image-preview":"max-image-preview:large","max-video-preview":"max-video-preview:-1"},"canonical":"https:\/\/acces-alternatif.com\/","og_locale":"fr_FR","og_type":"article","og_title":"ACCUEIL - ACCES-ALTERNATIF","og_description":"Travaux sur cordes et acc\u00e8s difficile entreprises du BTP soci\u00e9t\u00e9s de nettoyage collectivit\u00e9s syndics assurances gestionnaire de propri\u00e9t\u00e9s","og_url":"https:\/\/acces-alternatif.com\/","og_site_name":"ACCES-ALTERNATIF","article_modified_time":"2026-01-19T16:04:16+00:00","twitter_card":"summary_large_image","twitter_misc":{"Dur\u00e9e de lecture estim\u00e9e":"1 minute"},"schema":{"@context":"https:\/\/schema.org","@graph":[{"@type":"WebPage","@id":"https:\/\/acces-alternatif.com\/","url":"https:\/\/acces-alternatif.com\/","name":"ACCUEIL - ACCES-ALTERNATIF","isPartOf":{"@id":"https:\/\/acces-alternatif.com\/#website"},"datePublished":"2017-03-03T05:58:31+00:00","dateModified":"2026-01-19T16:04:16+00:00","description":"Travaux sur cordes et acc\u00e8s difficile entreprises du BTP soci\u00e9t\u00e9s de nettoyage collectivit\u00e9s syndics assurances gestionnaire de propri\u00e9t\u00e9s","breadcrumb":{"@id":"https:\/\/acces-alternatif.com\/#breadcrumb"},"inLanguage":"fr-FR","potentialAction":[{"@type":"ReadAction","target":["https:\/\/acces-alternatif.com\/"]}]},{"@type":"BreadcrumbList","@id":"https:\/\/acces-alternatif.com\/#breadcrumb","itemListElement":[{"@type":"ListItem","position":1,"name":"Accueil","item":"https:\/\/acces-alternatif.com\/"},{"@type":"ListItem","position":2,"name":"ACCUEIL"}]},{"@type":"WebSite","@id":"https:\/\/acces-alternatif.com\/#website","url":"https:\/\/acces-alternatif.com\/","name":"ACCES-ALTERNATIF","description":"Prenons de la hauteur","publisher":{"@id":"https:\/\/acces-alternatif.com\/#organization"},"potentialAction":[{"@type":"SearchAction","target":{"@type":"EntryPoint","urlTemplate":"https:\/\/acces-alternatif.com\/?s={search_term_string}"},"query-input":{"@type":"PropertyValueSpecification","valueRequired":true,"valueName":"search_term_string"}}],"inLanguage":"fr-FR"},{"@type":"Organization","@id":"https:\/\/acces-alternatif.com\/#organization","name":"ACCES-ALTERNATIF","url":"https:\/\/acces-alternatif.com\/","logo":{"@type":"ImageObject","inLanguage":"fr-FR","@id":"https:\/\/acces-alternatif.com\/#\/schema\/logo\/image\/","url":"https:\/\/acces-alternatif.com\/wp-content\/uploads\/2025\/11\/Logo-AA-150-noir.png","contentUrl":"https:\/\/acces-alternatif.com\/wp-content\/uploads\/2025\/11\/Logo-AA-150-noir.png","width":150,"height":88,"caption":"ACCES-ALTERNATIF"},"image":{"@id":"https:\/\/acces-alternatif.com\/#\/schema\/logo\/image\/"}}]}},"_links":{"self":[{"href":"https:\/\/acces-alternatif.com\/index.php?rest_route=\/wp\/v2\/pages\/524","targetHints":{"allow":["GET"]}}],"collection":[{"href":"https:\/\/acces-alternatif.com\/index.php?rest_route=\/wp\/v2\/pages"}],"about":[{"href":"https:\/\/acces-alternatif.com\/index.php?rest_route=\/wp\/v2\/types\/page"}],"author":[{"embeddable":true,"href":"https:\/\/acces-alternatif.com\/index.php?rest_route=\/wp\/v2\/users\/1"}],"replies":[{"embeddable":true,"href":"https:\/\/acces-alternatif.com\/index.php?rest_route=%2Fwp%2Fv2%2Fcomments&post=524"}],"version-history":[{"count":6,"href":"https:\/\/acces-alternatif.com\/index.php?rest_route=\/wp\/v2\/pages\/524\/revisions"}],"predecessor-version":[{"id":655,"href":"https:\/\/acces-alternatif.com\/index.php?rest_route=\/wp\/v2\/pages\/524\/revisions\/655"}],"wp:attachment":[{"href":"https:\/\/acces-alternatif.com\/index.php?rest_route=%2Fwp%2Fv2%2Fmedia&parent=524"}],"curies":[{"name":"wp","href":"https:\/\/api.w.org\/{rel}","templated":true}]}}